{"id":2024,"date":"2023-11-27T04:51:11","date_gmt":"2023-11-27T04:51:11","guid":{"rendered":"https:\/\/wp.ditsolution.net\/royella-multipurpose\/?page_id=2024"},"modified":"2024-02-26T22:18:46","modified_gmt":"2024-02-26T19:18:46","slug":"delux-family-rooms","status":"publish","type":"page","link":"https:\/\/www.villarenkalacati.com\/?page_id=2024","title":{"rendered":"Deluxe Aile Odas\u0131"},"content":{"rendered":"\t\t<div data-elementor-type=\"wp-page\" data-elementor-id=\"2024\" class=\"elementor elementor-2024\">\n\t\t\t\t\t\t<section class=\"elementor-section elementor-top-section elementor-element elementor-element-206f072 elementor-section-boxed elementor-section-height-default elementor-section-height-default\" data-id=\"206f072\" data-element_type=\"section\">\n\t\t\t\t\t\t<div class=\"elementor-container elementor-column-gap-default\">\n\t\t\t\t\t<div class=\"elementor-column elementor-col-66 elementor-top-column elementor-element elementor-element-36a35c9\" data-id=\"36a35c9\" data-element_type=\"column\">\n\t\t\t<div class=\"elementor-widget-wrap elementor-element-populated\">\n\t\t\t\t\t\t<section class=\"elementor-section elementor-inner-section elementor-element elementor-element-7c2af2c elementor-section-boxed elementor-section-height-default elementor-section-height-default\" data-id=\"7c2af2c\" data-element_type=\"section\">\n\t\t\t\t\t\t<div class=\"elementor-container elementor-column-gap-default\">\n\t\t\t\t\t<div class=\"elementor-column elementor-col-100 elementor-inner-column elementor-element elementor-element-75c8849\" data-id=\"75c8849\" data-element_type=\"column\">\n\t\t\t<div class=\"elementor-widget-wrap elementor-element-populated\">\n\t\t\t\t\t\t<div class=\"elementor-element elementor-element-3764f1d elementor-widget elementor-widget-heading\" data-id=\"3764f1d\" data-element_type=\"widget\" data-widget_type=\"heading.default\">\n\t\t\t\t<div class=\"elementor-widget-container\">\n\t\t\t<style>\/*! elementor - v3.19.0 - 07-02-2024 *\/\n.elementor-heading-title{padding:0;margin:0;line-height:1}.elementor-widget-heading .elementor-heading-title[class*=elementor-size-]>a{color:inherit;font-size:inherit;line-height:inherit}.elementor-widget-heading .elementor-heading-title.elementor-size-small{font-size:15px}.elementor-widget-heading .elementor-heading-title.elementor-size-medium{font-size:19px}.elementor-widget-heading .elementor-heading-title.elementor-size-large{font-size:29px}.elementor-widget-heading .elementor-heading-title.elementor-size-xl{font-size:39px}.elementor-widget-heading .elementor-heading-title.elementor-size-xxl{font-size:59px}<\/style><h1 class=\"elementor-heading-title elementor-size-default\">Deluxe Aile Odas\u0131<\/h1>\t\t<\/div>\n\t\t\t\t<\/div>\n\t\t\t\t<div class=\"elementor-element elementor-element-9732a1e elementor-widget elementor-widget-my-carousel\" data-id=\"9732a1e\" data-element_type=\"widget\" data-widget_type=\"my-carousel.default\">\n\t\t\t\t<div class=\"elementor-widget-container\">\n\t\t\t\r\n\t\t\t\t\t<div class=\"my-image style2\">\r\n\t\t\t\t<div class=\"my-image2 owl-carousel\">\r\n\t\t\t\t\t\t\t\t\t\t\t<div class=\"item style2\">\r\n\t\t\t\t\t\t\t<div class=\"image\">\r\n\t\t\t\t\t\t\t\t<img decoding=\"async\" src=\"https:\/\/www.villarenkalacati.com\/wp-content\/uploads\/2024\/02\/1.png\" alt=\"\">\r\n\t\t\t\t\t\t\t<\/div>\r\n\t\t\t\t\t\t<\/div>\r\n\t\t\t\t\t\t\t\t\t\t\t<div class=\"item style2\">\r\n\t\t\t\t\t\t\t<div class=\"image\">\r\n\t\t\t\t\t\t\t\t<img decoding=\"async\" src=\"https:\/\/www.villarenkalacati.com\/wp-content\/uploads\/2024\/02\/3.png\" alt=\"\">\r\n\t\t\t\t\t\t\t<\/div>\r\n\t\t\t\t\t\t<\/div>\r\n\t\t\t\t\t\t\t\t\t\t\t<div class=\"item style2\">\r\n\t\t\t\t\t\t\t<div class=\"image\">\r\n\t\t\t\t\t\t\t\t<img decoding=\"async\" src=\"https:\/\/www.villarenkalacati.com\/wp-content\/uploads\/2024\/02\/2.png\" alt=\"\">\r\n\t\t\t\t\t\t\t<\/div>\r\n\t\t\t\t\t\t<\/div>\r\n\t\t\t\t\t\t\t\t\t\t\t<div class=\"item style2\">\r\n\t\t\t\t\t\t\t<div class=\"image\">\r\n\t\t\t\t\t\t\t\t<img decoding=\"async\" src=\"https:\/\/www.villarenkalacati.com\/wp-content\/uploads\/2024\/02\/4.png\" alt=\"\">\r\n\t\t\t\t\t\t\t<\/div>\r\n\t\t\t\t\t\t<\/div>\r\n\t\t\t\t\t\t\t\t\t<\/div>\r\n\t\t\t<\/div>\r\n\t\t\t<script>\r\n\t\t\t\tjQuery(document).ready(function($) {\r\n\t\t\t\t\t\"use strict\";\r\n\r\n\t\t\t\t\t$('.my-image2').owlCarousel({\r\n\t\t\t\t\t\titems: 5,\r\n\t\t\t\t\t\tcenter: true,\r\n\t\t\t\t\t\tdots: true,\r\n\t\t\t\t\t\tnav: true,\r\n\t\t\t\t\t\tautoplayTimeout: 10000,\r\n\t\t\t\t\t\tnavText: [\"<i class='fa fa-long-arrow-left'><\/i>\", \"<i class='fa fa-long-arrow-right''><\/i>\"],\r\n\t\t\t\t\t\tresponsive: {\r\n\t\t\t\t\t\t\t0: {\r\n\t\t\t\t\t\t\t\titems: 1\r\n\t\t\t\t\t\t\t},\r\n\t\t\t\t\t\t\t768: {\r\n\t\t\t\t\t\t\t\titems: 1\r\n\t\t\t\t\t\t\t},\r\n\t\t\t\t\t\t\t992: {\r\n\t\t\t\t\t\t\t\titems: 1\r\n\t\t\t\t\t\t\t},\r\n\t\t\t\t\t\t\t1920: {\r\n\t\t\t\t\t\t\t\titems: 1\r\n\t\t\t\t\t\t\t}\r\n\t\t\t\t\t\t}\r\n\t\t\t\t\t});\r\n\r\n\t\t\t\t});\r\n\r\n\t\t\t<\/script>\r\n\t\t\r\n\t\t\t<\/div>\n\t\t\t\t<\/div>\n\t\t\t\t<div class=\"elementor-element elementor-element-4c7456c elementor-widget elementor-widget-text-editor\" data-id=\"4c7456c\" data-element_type=\"widget\" data-widget_type=\"text-editor.default\">\n\t\t\t\t<div class=\"elementor-widget-container\">\n\t\t\t<style>\/*! elementor - v3.19.0 - 07-02-2024 *\/\n.elementor-widget-text-editor.elementor-drop-cap-view-stacked .elementor-drop-cap{background-color:#69727d;color:#fff}.elementor-widget-text-editor.elementor-drop-cap-view-framed .elementor-drop-cap{color:#69727d;border:3px solid;background-color:transparent}.elementor-widget-text-editor:not(.elementor-drop-cap-view-default) .elementor-drop-cap{margin-top:8px}.elementor-widget-text-editor:not(.elementor-drop-cap-view-default) .elementor-drop-cap-letter{width:1em;height:1em}.elementor-widget-text-editor .elementor-drop-cap{float:left;text-align:center;line-height:1;font-size:50px}.elementor-widget-text-editor .elementor-drop-cap-letter{display:inline-block}<\/style>\t\t\t\t<p>Deluxe Aile Odalar\u0131 40\u00a0m\u00b2 b\u00fcy\u00fckl\u00fc\u011f\u00fcnde.\u00a0<\/p><p>Odalarda 180&#215;200 \u00e7ift ki\u015filik bir yatak ve 160&#215;200 \u00e7ift ki\u015filik bir Sofabed mevcuttur.<\/p>\t\t\t\t\t\t<\/div>\n\t\t\t\t<\/div>\n\t\t\t\t\t<\/div>\n\t\t<\/div>\n\t\t\t\t\t<\/div>\n\t\t<\/section>\n\t\t\t\t\t<\/div>\n\t\t<\/div>\n\t\t\t\t<div class=\"elementor-column elementor-col-33 elementor-top-column elementor-element elementor-element-6a7adb3\" data-id=\"6a7adb3\" data-element_type=\"column\">\n\t\t\t<div class=\"elementor-widget-wrap elementor-element-populated\">\n\t\t\t\t\t\t<section class=\"elementor-section elementor-inner-section elementor-element elementor-element-070c241 elementor-section-boxed elementor-section-height-default elementor-section-height-default\" data-id=\"070c241\" data-element_type=\"section\" data-settings=\"{&quot;background_background&quot;:&quot;classic&quot;}\">\n\t\t\t\t\t\t<div class=\"elementor-container elementor-column-gap-default\">\n\t\t\t\t\t<div class=\"elementor-column elementor-col-100 elementor-inner-column elementor-element elementor-element-33e1a26\" data-id=\"33e1a26\" data-element_type=\"column\">\n\t\t\t<div class=\"elementor-widget-wrap elementor-element-populated\">\n\t\t\t\t\t\t<div class=\"elementor-element elementor-element-80ab85e elementor-widget elementor-widget-dit-button\" data-id=\"80ab85e\" data-element_type=\"widget\" data-widget_type=\"dit-button.default\">\n\t\t\t\t<div class=\"elementor-widget-container\">\n\t\t\t\r\n\t\t\t\t\t\t\r\n\t\t\t<div class=\"dreamit-button style2 center\">\r\n\t\t\t\t<a class=\"button\" href=\"http:\/\/www.reseliva.com\/hotel\/Villa-Renk-Otel\/index.php\">\r\n\t\t\t\t\tHemen Rezervasyon Yap\u0131n\t\t\t\t\t\t\t\t\t<\/a>\r\n\t\t\t<\/div>\r\n\t\t\t\t\r\n\t\t\r\n\t\t\t<\/div>\n\t\t\t\t<\/div>\n\t\t\t\t\t<\/div>\n\t\t<\/div>\n\t\t\t\t\t<\/div>\n\t\t<\/section>\n\t\t\t\t<section class=\"elementor-section elementor-inner-section elementor-element elementor-element-0a8a12f elementor-section-boxed elementor-section-height-default elementor-section-height-default\" data-id=\"0a8a12f\" data-element_type=\"section\" data-settings=\"{&quot;background_background&quot;:&quot;classic&quot;}\">\n\t\t\t\t\t\t<div class=\"elementor-container elementor-column-gap-default\">\n\t\t\t\t\t<div class=\"elementor-column elementor-col-100 elementor-inner-column elementor-element elementor-element-9044b6f\" data-id=\"9044b6f\" data-element_type=\"column\">\n\t\t\t<div class=\"elementor-widget-wrap elementor-element-populated\">\n\t\t\t\t\t\t<div class=\"elementor-element elementor-element-f7f320d elementor-widget elementor-widget-simple-heading\" data-id=\"f7f320d\" data-element_type=\"widget\" data-widget_type=\"simple-heading.default\">\n\t\t\t\t<div class=\"elementor-widget-container\">\n\t\t\t\t\t\t\t\t<div class=\"heading style1\">\r\n\t\t\t\t<h3 class=\"heading-text\">\u00d6zellikleri<\/h3>\r\n\t\t\t<\/div>\r\n\t\t\t\t\t\t<\/div>\n\t\t\t\t<\/div>\n\t\t\t\t<div class=\"elementor-element elementor-element-43387a4 elementor-widget elementor-widget-ServiceList\" data-id=\"43387a4\" data-element_type=\"widget\" data-widget_type=\"ServiceList.default\">\n\t\t\t\t<div class=\"elementor-widget-container\">\n\t\t\t\r\n        <section class=\"dreamit-service\">\r\n            <div class=\"default-service\">\r\n                                                          <div class=\"service_list style-2 align-items-center d-flex \">\r\n                        <div class=\"service-text\">\r\n                            <div class=\"image\">\r\n                                 <img decoding=\"async\" src=\"https:\/\/wp.ditsolution.net\/royella-multipurpose\/wp-content\/uploads\/2023\/11\/room-amenities-5.png\"> \r\n                            <\/div>\r\n                                                         <h3 class=\"font-600\"> 4 Ki\u015filik <\/h3>                         <\/div>\r\n\r\n                   <\/div>\r\n               \r\n                                                      <div class=\"service_list style-2 align-items-center d-flex \">\r\n                        <div class=\"service-text\">\r\n                            <div class=\"image\">\r\n                                 <img decoding=\"async\" src=\"https:\/\/wp.ditsolution.net\/royella-multipurpose\/wp-content\/uploads\/2023\/11\/room-amenities-2.png\"> \r\n                            <\/div>\r\n                                                         <h3 class=\"font-600\"> \u00dccretsiz WIFI <\/h3>                         <\/div>\r\n\r\n                   <\/div>\r\n               \r\n                                                      <div class=\"service_list style-2 align-items-center d-flex \">\r\n                        <div class=\"service-text\">\r\n                            <div class=\"image\">\r\n                                 <img decoding=\"async\" src=\"https:\/\/wp.ditsolution.net\/royella-multipurpose\/wp-content\/uploads\/2023\/11\/room-amenities-3.png\"> \r\n                            <\/div>\r\n                                                         <h3 class=\"font-600\"> Balkon <\/h3>                         <\/div>\r\n\r\n                   <\/div>\r\n               \r\n                                                      <div class=\"service_list style-2 align-items-center d-flex \">\r\n                        <div class=\"service-text\">\r\n                            <div class=\"image\">\r\n                                 <img decoding=\"async\" src=\"https:\/\/www.villarenkalacati.com\/wp-content\/uploads\/2023\/12\/car.png\"> \r\n                            <\/div>\r\n                                                         <h3 class=\"font-600\"> \u00dccretsiz Oto Parak <\/h3>                         <\/div>\r\n\r\n                   <\/div>\r\n               \r\n                                                      <div class=\"service_list style-2 align-items-center d-flex \">\r\n                        <div class=\"service-text\">\r\n                            <div class=\"image\">\r\n                                 <img decoding=\"async\" src=\"https:\/\/www.villarenkalacati.com\/wp-content\/uploads\/2023\/11\/room-details-1.png\"> \r\n                            <\/div>\r\n                                                         <h3 class=\"font-600\"> Ses \u0130zalasyonu <\/h3>                         <\/div>\r\n\r\n                   <\/div>\r\n               \r\n                    <\/div>\r\n    <\/section>\r\n\r\n\r\n\t\t<\/div>\n\t\t\t\t<\/div>\n\t\t\t\t\t<\/div>\n\t\t<\/div>\n\t\t\t\t\t<\/div>\n\t\t<\/section>\n\t\t\t\t\t<\/div>\n\t\t<\/div>\n\t\t\t\t\t<\/div>\n\t\t<\/section>\n\t\t\t\t<\/div>\n\t\t","protected":false},"excerpt":{"rendered":"<p>Deluxe Aile Odas\u0131 Deluxe Aile Odalar\u0131 40\u00a0m\u00b2 b\u00fcy\u00fckl\u00fc\u011f\u00fcnde.\u00a0 Odalarda 180&#215;200 \u00e7ift ki\u015filik bir yatak ve 160&#215;200 \u00e7ift ki\u015filik bir Sofabed mevcuttur. Hemen Rezervasyon Yap\u0131n \u00d6zellikleri 4 Ki\u015filik \u00dccretsiz WIFI Balkon \u00dccretsiz Oto Parak Ses \u0130zalasyonu<\/p>\n","protected":false},"author":1,"featured_media":0,"parent":0,"menu_order":0,"comment_status":"closed","ping_status":"closed","template":"page-templates\/template-default.php","meta":{"footnotes":""},"class_list":["post-2024","page","type-page","status-publish","hentry"],"_links":{"self":[{"href":"https:\/\/www.villarenkalacati.com\/index.php?rest_route=\/wp\/v2\/pages\/2024","targetHints":{"allow":["GET"]}}],"collection":[{"href":"https:\/\/www.villarenkalacati.com\/index.php?rest_route=\/wp\/v2\/pages"}],"about":[{"href":"https:\/\/www.villarenkalacati.com\/index.php?rest_route=\/wp\/v2\/types\/page"}],"author":[{"embeddable":true,"href":"https:\/\/www.villarenkalacati.com\/index.php?rest_route=\/wp\/v2\/users\/1"}],"replies":[{"embeddable":true,"href":"https:\/\/www.villarenkalacati.com\/index.php?rest_route=%2Fwp%2Fv2%2Fcomments&post=2024"}],"version-history":[{"count":27,"href":"https:\/\/www.villarenkalacati.com\/index.php?rest_route=\/wp\/v2\/pages\/2024\/revisions"}],"predecessor-version":[{"id":6987,"href":"https:\/\/www.villarenkalacati.com\/index.php?rest_route=\/wp\/v2\/pages\/2024\/revisions\/6987"}],"wp:attachment":[{"href":"https:\/\/www.villarenkalacati.com\/index.php?rest_route=%2Fwp%2Fv2%2Fmedia&parent=2024"}],"curies":[{"name":"wp","href":"https:\/\/api.w.org\/{rel}","templated":true}]}}